{"id":11067,"date":"2025-06-16T23:19:26","date_gmt":"2025-06-16T20:19:26","guid":{"rendered":"https:\/\/maritim.rnmp.ro\/?page_id=11067"},"modified":"2025-07-04T18:44:15","modified_gmt":"2025-07-04T15:44:15","slug":"logistica-portuara","status":"publish","type":"page","link":"https:\/\/maritim.rnmp.ro\/en\/logistica-portuara\/","title":{"rendered":"Port Logistics"},"content":{"rendered":"<div data-elementor-type=\"wp-page\" data-elementor-id=\"11067\" class=\"elementor elementor-11067\">\n\t\t\t\t\t\t<section class=\"elementor-section elementor-top-section elementor-element elementor-element-1f753a1 elementor-reverse-mobile elementor-section-boxed elementor-section-height-default elementor-section-height-default rt-default-class\" data-id=\"1f753a1\" data-element_type=\"section\">\n\t\t\t\t\t\t<div class=\"elementor-container elementor-column-gap-default\">\n\t\t\t\t\t<div class=\"elementor-column elementor-col-33 elementor-top-column elementor-element elementor-element-4fe51415 rt-default-class\" data-id=\"4fe51415\" data-element_type=\"column\">\n\t\t\t<div class=\"elementor-widget-wrap elementor-element-populated\">\n\t\t\t\t\t\t<section class=\"elementor-section elementor-inner-section elementor-element elementor-element-70038dea elementor-section-boxed elementor-section-height-default elementor-section-height-default rt-default-class\" data-id=\"70038dea\" data-element_type=\"section\" data-settings=\"{&quot;background_background&quot;:&quot;classic&quot;}\">\n\t\t\t\t\t\t<div class=\"elementor-container elementor-column-gap-default\">\n\t\t\t\t\t<div class=\"elementor-column elementor-col-100 elementor-inner-column elementor-element elementor-element-605fde91 rt-default-class\" data-id=\"605fde91\" data-element_type=\"column\">\n\t\t\t<div class=\"elementor-widget-wrap elementor-element-populated\">\n\t\t\t\t\t\t<div class=\"elementor-element elementor-element-6d0d4b8a rt-default-class elementor-widget elementor-widget-heading\" data-id=\"6d0d4b8a\" data-element_type=\"widget\" data-widget_type=\"heading.default\">\n\t\t\t\t<div class=\"elementor-widget-container\">\n\t\t\t\t\t<h5 class=\"elementor-heading-title elementor-size-default\">Our Services<\/h5>\t\t\t\t<\/div>\n\t\t\t\t<\/div>\n\t\t\t\t<div class=\"elementor-element elementor-element-6001c92f hfe-nav-menu__align-left rt-default-class elementor-widget elementor-widget-navigation-menu\" data-id=\"6001c92f\" data-element_type=\"widget\" data-settings=\"{&quot;menu_space_between_margin&quot;:{&quot;unit&quot;:&quot;px&quot;,&quot;size&quot;:15,&quot;sizes&quot;:[]},&quot;padding_horizontal_menu_item&quot;:{&quot;unit&quot;:&quot;px&quot;,&quot;size&quot;:25,&quot;sizes&quot;:[]},&quot;padding_vertical_menu_item&quot;:{&quot;unit&quot;:&quot;px&quot;,&quot;size&quot;:18,&quot;sizes&quot;:[]},&quot;meniu_border_radius&quot;:{&quot;unit&quot;:&quot;px&quot;,&quot;top&quot;:&quot;30&quot;,&quot;right&quot;:&quot;30&quot;,&quot;bottom&quot;:&quot;30&quot;,&quot;left&quot;:&quot;30&quot;,&quot;isLinked&quot;:true},&quot;padding_horizontal_menu_item_tablet&quot;:{&quot;unit&quot;:&quot;px&quot;,&quot;size&quot;:&quot;&quot;,&quot;sizes&quot;:[]},&quot;padding_horizontal_menu_item_mobile&quot;:{&quot;unit&quot;:&quot;px&quot;,&quot;size&quot;:&quot;&quot;,&quot;sizes&quot;:[]},&quot;padding_vertical_menu_item_tablet&quot;:{&quot;unit&quot;:&quot;px&quot;,&quot;size&quot;:&quot;&quot;,&quot;sizes&quot;:[]},&quot;padding_vertical_menu_item_mobile&quot;:{&quot;unit&quot;:&quot;px&quot;,&quot;size&quot;:&quot;&quot;,&quot;sizes&quot;:[]},&quot;menu_space_between_margin_tablet&quot;:{&quot;unit&quot;:&quot;px&quot;,&quot;size&quot;:&quot;&quot;,&quot;sizes&quot;:[]},&quot;menu_space_between_margin_mobile&quot;:{&quot;unit&quot;:&quot;px&quot;,&quot;size&quot;:&quot;&quot;,&quot;sizes&quot;:[]},&quot;meniu_border_radius_tablet&quot;:{&quot;unit&quot;:&quot;px&quot;,&quot;top&quot;:&quot;&quot;,&quot;right&quot;:&quot;&quot;,&quot;bottom&quot;:&quot;&quot;,&quot;left&quot;:&quot;&quot;,&quot;isLinked&quot;:true},&quot;meniu_border_radius_mobile&quot;:{&quot;unit&quot;:&quot;px&quot;,&quot;top&quot;:&quot;&quot;,&quot;right&quot;:&quot;&quot;,&quot;bottom&quot;:&quot;&quot;,&quot;left&quot;:&quot;&quot;,&quot;isLinked&quot;:true},&quot;dropdown_border_radius&quot;:{&quot;unit&quot;:&quot;px&quot;,&quot;top&quot;:&quot;&quot;,&quot;right&quot;:&quot;&quot;,&quot;bottom&quot;:&quot;&quot;,&quot;left&quot;:&quot;&quot;,&quot;isLinked&quot;:true},&quot;dropdown_border_radius_tablet&quot;:{&quot;unit&quot;:&quot;px&quot;,&quot;top&quot;:&quot;&quot;,&quot;right&quot;:&quot;&quot;,&quot;bottom&quot;:&quot;&quot;,&quot;left&quot;:&quot;&quot;,&quot;isLinked&quot;:true},&quot;dropdown_border_radius_mobile&quot;:{&quot;unit&quot;:&quot;px&quot;,&quot;top&quot;:&quot;&quot;,&quot;right&quot;:&quot;&quot;,&quot;bottom&quot;:&quot;&quot;,&quot;left&quot;:&quot;&quot;,&quot;isLinked&quot;:true},&quot;padding_horizontal_dropdown_item&quot;:{&quot;unit&quot;:&quot;px&quot;,&quot;size&quot;:&quot;&quot;,&quot;sizes&quot;:[]},&quot;padding_horizontal_dropdown_item_tablet&quot;:{&quot;unit&quot;:&quot;px&quot;,&quot;size&quot;:&quot;&quot;,&quot;sizes&quot;:[]},&quot;padding_horizontal_dropdown_item_mobile&quot;:{&quot;unit&quot;:&quot;px&quot;,&quot;size&quot;:&quot;&quot;,&quot;sizes&quot;:[]},&quot;padding_vertical_dropdown_item&quot;:{&quot;unit&quot;:&quot;px&quot;,&quot;size&quot;:15,&quot;sizes&quot;:[]},&quot;padding_vertical_dropdown_item_tablet&quot;:{&quot;unit&quot;:&quot;px&quot;,&quot;size&quot;:&quot;&quot;,&quot;sizes&quot;:[]},&quot;padding_vertical_dropdown_item_mobile&quot;:{&quot;unit&quot;:&quot;px&quot;,&quot;size&quot;:&quot;&quot;,&quot;sizes&quot;:[]}}\" data-widget_type=\"navigation-menu.default\">\n\t\t\t\t<div class=\"elementor-widget-container\">\n\t\t\t\t\t\t<div class=\"menu-area vertical expand-on-click separator_\">         \r\n\t\t<div class=\"menu_one icon1 no\">\t\t\t\t\t\t\t \r\n\t\t\t<div class=\"col-cell menu-responsive  right_icon_yes left_icon_no enable_anim_no\">  \r\n\t\t\t\t\t\t\t\t\t<nav class=\"nav navbar\">\r\n\t\t\t\t\t\t<div class=\"navbar-menu\">\r\n\t\t\t\t\t\t\t<ul id=\"menu-services-menu\" class=\"menu\"><li id=\"menu-item-3489\" class=\"menu-item menu-item-type-post_type menu-item-object-page menu-item-3489\"><a href=\"https:\/\/maritim.rnmp.ro\/en\/transport-maritim\/\">Ocean Freight<\/a><\/li>\n<li id=\"menu-item-11087\" class=\"menu-item menu-item-type-post_type menu-item-object-page menu-item-11087\"><a href=\"https:\/\/maritim.rnmp.ro\/en\/transport-fluvial\/\">River Freight<\/a><\/li>\n<li id=\"menu-item-11088\" class=\"menu-item menu-item-type-post_type menu-item-object-page menu-item-11088\"><a href=\"https:\/\/maritim.rnmp.ro\/en\/transport-rutier\/\">Road Freight<\/a><\/li>\n<li id=\"menu-item-11089\" class=\"menu-item menu-item-type-post_type menu-item-object-page menu-item-11089\"><a href=\"https:\/\/maritim.rnmp.ro\/en\/transport-cai-ferate\/\">Railway Freight<\/a><\/li>\n<li id=\"menu-item-11090\" class=\"menu-item menu-item-type-post_type menu-item-object-page menu-item-11090\"><a href=\"https:\/\/maritim.rnmp.ro\/en\/logistica-portuara\/\">Port Logistics<\/a><\/li>\n<li id=\"menu-item-11091\" class=\"menu-item menu-item-type-post_type menu-item-object-page menu-item-11091\"><a href=\"https:\/\/maritim.rnmp.ro\/en\/servicii-vamale\/\">Customs Services<\/a><\/li>\n<li id=\"menu-item-11092\" class=\"menu-item menu-item-type-post_type menu-item-object-page menu-item-11092\"><a href=\"https:\/\/maritim.rnmp.ro\/en\/asigurare-marfa\/\">Cargo Insurance<\/a><\/li>\n<\/ul>\t\t\t\t\t\t<\/div>\r\n\t\t\t\t\t<\/nav>\r\n\t\t\t\t\t\t\t\t<\/div>\t\t\t\r\n\t\t\t\r\n\t\t<div class=\"sidebarmenu-area text-right mobilehum\">                                    \r\n\t\t\t<ul class=\"offcanvas-icon layout-1\">\r\n\t\t\t\t\t<li class=\"nav-link-container center\"> \r\n\t\t\t\t\t\t<a href=\"#\" class=\"nav-menu-link menu-button\">\r\n\t\t\t\t\t\t\t<svg width=\"20\" height=\"16\" viewbox=\"0 0 20 16\" fill=\"none\" xmlns=\"http:\/\/www.w3.org\/2000\/svg\">\r\n\t\t\t\t\t\t\t\t<rect y=\"14\" width=\"18\" height=\"2\" fill=\"#ffffff\"><\/rect>\r\n\t\t\t\t\t\t\t\t<rect y=\"7\" width=\"18\" height=\"2\" fill=\"#ffffff\"><\/rect>\r\n\t\t\t\t\t\t\t\t<rect width=\"18\" height=\"2\" fill=\"#ffffff\"><\/rect>\r\n\t\t\t\t\t\t\t<\/svg>\r\n\t\t\t\t\t\t<\/a> \r\n\t\t\t\t\t<\/li>\r\n\t\t\t\t<\/ul>                                      \r\n\t\t<\/div>      \r\n\t\t<\/div>\r\n\t<\/div>\t\t \r\n\t\t\t\t\t<\/div>\n\t\t\t\t<\/div>\n\t\t\t\t\t<\/div>\n\t\t<\/div>\n\t\t\t\t\t<\/div>\n\t\t<\/section>\n\t\t\t\t\t<\/div>\n\t\t<\/div>\n\t\t\t\t<div class=\"elementor-column elementor-col-66 elementor-top-column elementor-element elementor-element-229160e0 rt-default-class\" data-id=\"229160e0\" data-element_type=\"column\">\n\t\t\t<div class=\"elementor-widget-wrap elementor-element-populated\">\n\t\t\t\t\t\t<div class=\"elementor-element elementor-element-1143afbd rt-default-class elementor-widget elementor-widget-image\" data-id=\"1143afbd\" data-element_type=\"widget\" data-widget_type=\"image.default\">\n\t\t\t\t<div class=\"elementor-widget-container\">\n\t\t\t\t\t\t\t\t\t\t\t\t\t\t\t<img fetchpriority=\"high\" decoding=\"async\" width=\"700\" height=\"466\" src=\"https:\/\/maritim.rnmp.ro\/wp-content\/uploads\/2025\/06\/servicii-logistica-portuara-prime-a1.jpg\" class=\"attachment-full size-full wp-image-11069\" alt=\"\" srcset=\"https:\/\/maritim.rnmp.ro\/wp-content\/uploads\/2025\/06\/servicii-logistica-portuara-prime-a1.jpg 700w, https:\/\/maritim.rnmp.ro\/wp-content\/uploads\/2025\/06\/servicii-logistica-portuara-prime-a1-300x200.jpg 300w, https:\/\/maritim.rnmp.ro\/wp-content\/uploads\/2025\/06\/servicii-logistica-portuara-prime-a1-600x399.jpg 600w\" sizes=\"(max-width: 700px) 100vw, 700px\" \/>\t\t\t\t\t\t\t\t\t\t\t\t\t\t\t<\/div>\n\t\t\t\t<\/div>\n\t\t\t\t<div class=\"elementor-element elementor-element-787f7a71 rt-default-class elementor-widget elementor-widget-heading\" data-id=\"787f7a71\" data-element_type=\"widget\" data-widget_type=\"heading.default\">\n\t\t\t\t<div class=\"elementor-widget-container\">\n\t\t\t\t\t<h3 class=\"elementor-heading-title elementor-size-default\">Port Logistics<\/h3>\t\t\t\t<\/div>\n\t\t\t\t<\/div>\n\t\t\t\t<div class=\"elementor-element elementor-element-67be5738 rt-default-class elementor-widget elementor-widget-text-editor\" data-id=\"67be5738\" data-element_type=\"widget\" data-widget_type=\"text-editor.default\">\n\t\t\t\t<div class=\"elementor-widget-container\">\n\t\t\t\t\t\t\t\t\t<p data-start=\"103\" data-end=\"388\">Prime Logistics (Rotterdam) B.V. offers professional handling and storage solutions in all sea and river ports in Romania, covering a wide range of cargo types. Our services are tailored to the requirements of each client, regardless of the volume or specificity of the cargo.<\/p><p data-start=\"390\" data-end=\"603\">We collaborate with trusted terminals and port operators to ensure fast, safe and efficient processes, whether it's bulk cargo, containers, oversized equipment or special transports.<\/p><p data-start=\"605\" data-end=\"789\">Our goal is to optimize each stage of the logistics chain so that customers benefit from competitive costs and customized solutions for handling and storage.<\/p>\t\t\t\t\t\t\t\t<\/div>\n\t\t\t\t<\/div>\n\t\t\t\t<div class=\"elementor-element elementor-element-0bd8a3b rt-default-class elementor-widget elementor-widget-spacer\" data-id=\"0bd8a3b\" data-element_type=\"widget\" data-widget_type=\"spacer.default\">\n\t\t\t\t<div class=\"elementor-widget-container\">\n\t\t\t\t\t\t\t<div class=\"elementor-spacer\">\n\t\t\t<div class=\"elementor-spacer-inner\"><\/div>\n\t\t<\/div>\n\t\t\t\t\t\t<\/div>\n\t\t\t\t<\/div>\n\t\t\t\t<div class=\"elementor-element elementor-element-25b2f5d rt-default-class elementor-widget elementor-widget-react-button\" data-id=\"25b2f5d\" data-element_type=\"widget\" data-widget_type=\"react-button.default\">\n\t\t\t\t<div class=\"elementor-widget-container\">\n\t\t\t\t\t\t\r\n\t\t\t\t\t<div class=\"react-button primary_btn\">\r\n\t\t\t\t\t\t\t\t<a class=\"react_button\" href=\"\/en\/contact\/\" >\t\t\t\t\r\n\t\t\t\t\r\n\t\t\t\t   \t\r\n\r\n\t\t\t\t<span class=\"btn_text\">CONTACT<\/span>\r\n\r\n\t\t\t\t\t\t\t\t\t<\/a>\r\n\t\t\t<\/div>\r\n\t\t\r\n\t\t\t\t\t<\/div>\n\t\t\t\t<\/div>\n\t\t\t\t<div class=\"elementor-element elementor-element-cefad2d rt-default-class elementor-widget elementor-widget-spacer\" data-id=\"cefad2d\" data-element_type=\"widget\" data-widget_type=\"spacer.default\">\n\t\t\t\t<div class=\"elementor-widget-container\">\n\t\t\t\t\t\t\t<div class=\"elementor-spacer\">\n\t\t\t<div class=\"elementor-spacer-inner\"><\/div>\n\t\t<\/div>\n\t\t\t\t\t\t<\/div>\n\t\t\t\t<\/div>\n\t\t\t\t\t<\/div>\n\t\t<\/div>\n\t\t\t\t\t<\/div>\n\t\t<\/section>\n\t\t<div class=\"elementor-element elementor-element-0c6d875 e-flex e-con-boxed rt-default-class e-con e-parent\" data-id=\"0c6d875\" data-element_type=\"container\">\n\t\t\t\t\t<div class=\"e-con-inner\">\n\t\t\t\t<div class=\"elementor-element elementor-element-a0604b5 rt-default-class elementor-widget elementor-widget-spacer\" data-id=\"a0604b5\" data-element_type=\"widget\" data-widget_type=\"spacer.default\">\n\t\t\t\t<div class=\"elementor-widget-container\">\n\t\t\t\t\t\t\t<div class=\"elementor-spacer\">\n\t\t\t<div class=\"elementor-spacer-inner\"><\/div>\n\t\t<\/div>\n\t\t\t\t\t\t<\/div>\n\t\t\t\t<\/div>\n\t\t\t\t\t<\/div>\n\t\t\t\t<\/div>\n\t\t\t\t<\/div>","protected":false},"excerpt":{"rendered":"<p>Serviciile noastre Transport Maritim Transport Fluvial Transport Rutier Transport C\u0103i Ferate Logistic\u0103 Portuar\u0103 Servicii Vamale Asigurare Marf\u0103 Logistic\u0103 Portuar\u0103 Prime Logistics (Rotterdam) B.V. ofer\u0103 solu\u021bii profesionale de manipulare \u0219i depozitare \u00een toate porturile maritime \u0219i fluviale din Rom\u00e2nia, acoperind o gam\u0103 larg\u0103 de tipuri de m\u0103rfuri. Serviciile noastre sunt adaptate cerin\u021belor fiec\u0103rui client, indiferent de&#8230;<\/p>","protected":false},"author":2,"featured_media":11069,"parent":0,"menu_order":0,"comment_status":"closed","ping_status":"closed","template":"","meta":{"footnotes":""},"class_list":["post-11067","page","type-page","status-publish","has-post-thumbnail","hentry"],"_links":{"self":[{"href":"https:\/\/maritim.rnmp.ro\/en\/wp-json\/wp\/v2\/pages\/11067","targetHints":{"allow":["GET"]}}],"collection":[{"href":"https:\/\/maritim.rnmp.ro\/en\/wp-json\/wp\/v2\/pages"}],"about":[{"href":"https:\/\/maritim.rnmp.ro\/en\/wp-json\/wp\/v2\/types\/page"}],"author":[{"embeddable":true,"href":"https:\/\/maritim.rnmp.ro\/en\/wp-json\/wp\/v2\/users\/2"}],"replies":[{"embeddable":true,"href":"https:\/\/maritim.rnmp.ro\/en\/wp-json\/wp\/v2\/comments?post=11067"}],"version-history":[{"count":16,"href":"https:\/\/maritim.rnmp.ro\/en\/wp-json\/wp\/v2\/pages\/11067\/revisions"}],"predecessor-version":[{"id":11612,"href":"https:\/\/maritim.rnmp.ro\/en\/wp-json\/wp\/v2\/pages\/11067\/revisions\/11612"}],"wp:featuredmedia":[{"embeddable":true,"href":"https:\/\/maritim.rnmp.ro\/en\/wp-json\/wp\/v2\/media\/11069"}],"wp:attachment":[{"href":"https:\/\/maritim.rnmp.ro\/en\/wp-json\/wp\/v2\/media?parent=11067"}],"curies":[{"name":"wp","href":"https:\/\/api.w.org\/{rel}","templated":true}]}}