{"id":4712,"date":"2023-07-30T10:21:25","date_gmt":"2023-07-30T10:21:25","guid":{"rendered":"http:\/\/192.168.0.6\/solari-new\/?page_id=4712"},"modified":"2025-06-16T23:56:26","modified_gmt":"2025-06-16T20:56:26","slug":"servicii","status":"publish","type":"page","link":"https:\/\/maritim.rnmp.ro\/en\/servicii\/","title":{"rendered":"Services"},"content":{"rendered":"<div data-elementor-type=\"wp-page\" data-elementor-id=\"4712\" class=\"elementor elementor-4712\">\n\t\t\t\t\t\t<section class=\"elementor-section elementor-top-section elementor-element elementor-element-7fc083ab elementor-section-stretched elementor-section-boxed elementor-section-height-default elementor-section-height-default rt-default-class\" data-id=\"7fc083ab\" data-element_type=\"section\" data-settings=\"{&quot;stretch_section&quot;:&quot;section-stretched&quot;,&quot;background_background&quot;:&quot;classic&quot;}\">\n\t\t\t\t\t\t<div class=\"elementor-container elementor-column-gap-default\">\n\t\t\t\t\t<div class=\"elementor-column elementor-col-100 elementor-top-column elementor-element elementor-element-41113b51 rt-default-class\" data-id=\"41113b51\" data-element_type=\"column\">\n\t\t\t<div class=\"elementor-widget-wrap elementor-element-populated\">\n\t\t\t\t\t\t<div class=\"elementor-element elementor-element-381dc417 rt-default-class elementor-widget elementor-widget-react-heading\" data-id=\"381dc417\" data-element_type=\"widget\" data-widget_type=\"react-heading.default\">\n\t\t\t\t<div class=\"elementor-widget-container\">\n\t\t\t\t\t\r\n\t\t<div class=\"react-heading default  title-border-\">\r\n\t\t\t<div class=\"title-inner no\">\r\n\t\t\t\t<div class=\"skew-up\"><span class=\"sub-text word-line\"><span class=\"high_light_text\">PRIME<\/span>LOGISTICS &amp; PROJECTS<\/span><\/div><div class=\"skew-up\"><h2 class=\"title word-line\">Our services:<\/h2><\/div>\t\t\t<\/div>\r\n\t\t\t\t\t\t\r\n\t\t\t\t\t<\/div>\r\n\t\t\r\n\t\t<script>\r\n\t\t\tjQuery(document).ready(function(){\r\n\t\t\tlet addAnimation = function () {\r\n\t\t\tjQuery(\".skew-up\").each(function (index) {\r\n\t\t\t\tconst text = new SplitType(jQuery(this), {\r\n\t\t\t\ttypes: \"lines, words\",\r\n\t\t\t\tlineClass: \"word-line\"\r\n\t\t\t\t});    let textInstance = jQuery(this);\r\n\t\t\t\tlet line = textInstance.find(\".word-line\");\r\n\t\t\t\tlet word = line.find(\".word\");    let tl = gsap.timeline({\r\n\t\t\t\tscrollTrigger: {\r\n\t\t\t\t\ttrigger: textInstance,\r\n\t\t\t\t\tstart: \"top 85%\",\r\n\t\t\t\t\tend: \"top 100%\",\r\n\t\t\t\t\tonComplete: function () {\r\n\t\t\t\t\tjQuery(textInstance).removeClass(\"skew-up\");\r\n\t\t\t\t\t}\r\n\t\t\t\t}\r\n\t\t\t\t});    tl.set(textInstance, { opacity: 1 }).from(word, {\r\n\t\t\t\ty: \"100%\",\r\n\t\t\t\tskewX: \"-5\",\r\n\t\t\t\tduration: 2,\r\n\t\t\t\tstagger: 0.03,\r\n\t\t\t\tease: \"expo.out\"\r\n\t\t\t\t});\r\n\t\t\t});\r\n\t\t\t};addAnimation();window.addEventListener(\"resize\", function (event) {\r\n\t\t\t\tif (jQuery(window).width() >= 992) {addAnimation(); }\r\n\t\t\t});\r\n\t\t});\r\n   \r\n\t\t<\/script>\r\n\t\t\t\t<\/div>\n\t\t\t\t<\/div>\n\t\t\t\t\t<\/div>\n\t\t<\/div>\n\t\t\t\t\t<\/div>\n\t\t<\/section>\n\t\t<div class=\"elementor-element elementor-element-f91d211 e-flex e-con-boxed rt-default-class e-con e-parent\" data-id=\"f91d211\" data-element_type=\"container\">\n\t\t\t\t\t<div class=\"e-con-inner\">\n\t\t<div class=\"elementor-element elementor-element-ac627e3 e-con-full e-flex rt-default-class e-con e-child\" data-id=\"ac627e3\" data-element_type=\"container\">\n\t\t\t\t<div class=\"elementor-element elementor-element-588c0af rt-default-class elementor-widget elementor-widget-image\" data-id=\"588c0af\" data-element_type=\"widget\" data-widget_type=\"image.default\">\n\t\t\t\t<div class=\"elementor-widget-container\">\n\t\t\t\t\t\t\t\t\t\t\t\t\t\t\t\t<a href=\"\/en\/transport-maritim\/\">\n\t\t\t\t\t\t\t<img decoding=\"async\" width=\"157\" height=\"50\" src=\"https:\/\/maritim.rnmp.ro\/wp-content\/uploads\/2025\/06\/icon-servicii-a1.png\" class=\"attachment-large size-large wp-image-11093\" alt=\"\" \/>\t\t\t\t\t\t\t\t<\/a>\n\t\t\t\t\t\t\t\t\t\t\t\t\t\t\t<\/div>\n\t\t\t\t<\/div>\n\t\t\t\t<div class=\"elementor-element elementor-element-58e7ef0 rt-default-class elementor-widget elementor-widget-rt-service-grid\" data-id=\"58e7ef0\" data-element_type=\"widget\" data-widget_type=\"rt-service-grid.default\">\n\t\t\t\t<div class=\"elementor-widget-container\">\n\t\t\t\t\t\r\n\t\t\r\n\r\n\r\n\t\t\r\n\t\t\t<div class=\"single-service-solari\">\r\n\t\t\t\t\t\t\t<div class=\"image-bg\">\r\n\t\t\t\t\t<img decoding=\"async\" src=\"https:\/\/maritim.rnmp.ro\/wp-content\/uploads\/2025\/06\/servicii-transport-maritim-prime-a1.jpg\"  alt=\"\"\/>\r\n\t\t\t\t<\/div>\r\n\t\t\t\t\t\t\t<div class=\"icon-area\">\r\n\t\t\t\t\t\t\t\t\t\t\t<i aria-hidden=\"true\" class=\"rt rt-angle-down\"><\/i>\t\t\t\t\t\t\t\t\t<\/div>\r\n\t\t\t\t<a href=\"\/en\/transport-maritim\/\">\r\n\t\t\t\t\t\t\t\t\t\t\t<h5 class=\"title\">Ocean Freight<\/h5>\r\n\t\t\t\t\t\t\t\t\t<\/a>\r\n\t\t\t\t<p class=\"disc\">\r\n                                            We offer our clients a full range of services in the field of international maritime transport.                                     <\/p>\r\n\t\t\t<\/div>\r\n\r\n\t\t\r\n\r\n\t\t\r\n\r\n\t\t\r\n\r\n\t\t\r\n\r\n\t\t\r\n\t\t\r\n\r\n\t\t\r\n\r\n\t\t\r\n\t\t\r\n\t\t\t\t<\/div>\n\t\t\t\t<\/div>\n\t\t\t\t<\/div>\n\t\t<div class=\"elementor-element elementor-element-9a21039 e-con-full e-flex rt-default-class e-con e-child\" data-id=\"9a21039\" data-element_type=\"container\">\n\t\t\t\t<div class=\"elementor-element elementor-element-d5866ae rt-default-class elementor-widget elementor-widget-image\" data-id=\"d5866ae\" data-element_type=\"widget\" data-widget_type=\"image.default\">\n\t\t\t\t<div class=\"elementor-widget-container\">\n\t\t\t\t\t\t\t\t\t\t\t\t\t\t\t\t<a href=\"\/en\/transport-fluvial\/\">\n\t\t\t\t\t\t\t<img decoding=\"async\" width=\"157\" height=\"50\" src=\"https:\/\/maritim.rnmp.ro\/wp-content\/uploads\/2025\/06\/icon-servicii-a2.png\" class=\"attachment-large size-large wp-image-11094\" alt=\"\" \/>\t\t\t\t\t\t\t\t<\/a>\n\t\t\t\t\t\t\t\t\t\t\t\t\t\t\t<\/div>\n\t\t\t\t<\/div>\n\t\t\t\t<div class=\"elementor-element elementor-element-d9ec7ed rt-default-class elementor-widget elementor-widget-rt-service-grid\" data-id=\"d9ec7ed\" data-element_type=\"widget\" data-widget_type=\"rt-service-grid.default\">\n\t\t\t\t<div class=\"elementor-widget-container\">\n\t\t\t\t\t\r\n\t\t\r\n\r\n\r\n\t\t\r\n\t\t\t<div class=\"single-service-solari\">\r\n\t\t\t\t\t\t\t<div class=\"image-bg\">\r\n\t\t\t\t\t<img decoding=\"async\" src=\"https:\/\/maritim.rnmp.ro\/wp-content\/uploads\/2025\/06\/servicii-transport-fluvial-prime-a1.jpg\"  alt=\"\"\/>\r\n\t\t\t\t<\/div>\r\n\t\t\t\t\t\t\t<div class=\"icon-area\">\r\n\t\t\t\t\t\t\t\t\t\t\t<i aria-hidden=\"true\" class=\"rt rt-angle-down\"><\/i>\t\t\t\t\t\t\t\t\t<\/div>\r\n\t\t\t\t<a href=\"\/en\/transport-fluvial\/\">\r\n\t\t\t\t\t\t\t\t\t\t\t<h5 class=\"title\">River Freight<\/h5>\r\n\t\t\t\t\t\t\t\t\t<\/a>\r\n\t\t\t\t<p class=\"disc\">\r\n                                            We offer river transport solutions using the entire European inland waterway system.                                     <\/p>\r\n\t\t\t<\/div>\r\n\r\n\t\t\r\n\r\n\t\t\r\n\r\n\t\t\r\n\r\n\t\t\r\n\r\n\t\t\r\n\t\t\r\n\r\n\t\t\r\n\r\n\t\t\r\n\t\t\r\n\t\t\t\t<\/div>\n\t\t\t\t<\/div>\n\t\t\t\t<\/div>\n\t\t<div class=\"elementor-element elementor-element-0021646 e-con-full e-flex rt-default-class e-con e-child\" data-id=\"0021646\" data-element_type=\"container\">\n\t\t\t\t<div class=\"elementor-element elementor-element-468065c rt-default-class elementor-widget elementor-widget-image\" data-id=\"468065c\" data-element_type=\"widget\" data-widget_type=\"image.default\">\n\t\t\t\t<div class=\"elementor-widget-container\">\n\t\t\t\t\t\t\t\t\t\t\t\t\t\t\t\t<a href=\"\/en\/transport-rutier\/\">\n\t\t\t\t\t\t\t<img decoding=\"async\" width=\"157\" height=\"50\" src=\"https:\/\/maritim.rnmp.ro\/wp-content\/uploads\/2025\/06\/icon-servicii-a3.png\" class=\"attachment-large size-large wp-image-11095\" alt=\"\" \/>\t\t\t\t\t\t\t\t<\/a>\n\t\t\t\t\t\t\t\t\t\t\t\t\t\t\t<\/div>\n\t\t\t\t<\/div>\n\t\t\t\t<div class=\"elementor-element elementor-element-06e0860 rt-default-class elementor-widget elementor-widget-rt-service-grid\" data-id=\"06e0860\" data-element_type=\"widget\" data-widget_type=\"rt-service-grid.default\">\n\t\t\t\t<div class=\"elementor-widget-container\">\n\t\t\t\t\t\r\n\t\t\r\n\r\n\r\n\t\t\r\n\t\t\t<div class=\"single-service-solari\">\r\n\t\t\t\t\t\t\t<div class=\"image-bg\">\r\n\t\t\t\t\t<img decoding=\"async\" src=\"https:\/\/maritim.rnmp.ro\/wp-content\/uploads\/2025\/06\/servicii-transport-rutier-prime-a1.jpg\"  alt=\"\"\/>\r\n\t\t\t\t<\/div>\r\n\t\t\t\t\t\t\t<div class=\"icon-area\">\r\n\t\t\t\t\t\t\t\t\t\t\t<i aria-hidden=\"true\" class=\"rt rt-angle-down\"><\/i>\t\t\t\t\t\t\t\t\t<\/div>\r\n\t\t\t\t<a href=\"\/en\/transport-rutier\/\">\r\n\t\t\t\t\t\t\t\t\t\t\t<h5 class=\"title\">Road Freight<\/h5>\r\n\t\t\t\t\t\t\t\t\t<\/a>\r\n\t\t\t\t<p class=\"disc\">\r\n                                            We offer road transport options for both conventional and oversized cargo.                                    <\/p>\r\n\t\t\t<\/div>\r\n\r\n\t\t\r\n\r\n\t\t\r\n\r\n\t\t\r\n\r\n\t\t\r\n\r\n\t\t\r\n\t\t\r\n\r\n\t\t\r\n\r\n\t\t\r\n\t\t\r\n\t\t\t\t<\/div>\n\t\t\t\t<\/div>\n\t\t\t\t<\/div>\n\t\t<div class=\"elementor-element elementor-element-9f900e0 e-con-full e-flex rt-default-class e-con e-child\" data-id=\"9f900e0\" data-element_type=\"container\">\n\t\t\t\t<div class=\"elementor-element elementor-element-970ca18 rt-default-class elementor-widget elementor-widget-image\" data-id=\"970ca18\" data-element_type=\"widget\" data-widget_type=\"image.default\">\n\t\t\t\t<div class=\"elementor-widget-container\">\n\t\t\t\t\t\t\t\t\t\t\t\t\t\t\t\t<a href=\"\/en\/transport-cai-ferate\/\">\n\t\t\t\t\t\t\t<img loading=\"lazy\" decoding=\"async\" width=\"157\" height=\"50\" src=\"https:\/\/maritim.rnmp.ro\/wp-content\/uploads\/2025\/06\/icon-servicii-a4.png\" class=\"attachment-large size-large wp-image-11096\" alt=\"\" \/>\t\t\t\t\t\t\t\t<\/a>\n\t\t\t\t\t\t\t\t\t\t\t\t\t\t\t<\/div>\n\t\t\t\t<\/div>\n\t\t\t\t<div class=\"elementor-element elementor-element-ceedec4 rt-default-class elementor-widget elementor-widget-rt-service-grid\" data-id=\"ceedec4\" data-element_type=\"widget\" data-widget_type=\"rt-service-grid.default\">\n\t\t\t\t<div class=\"elementor-widget-container\">\n\t\t\t\t\t\r\n\t\t\r\n\r\n\r\n\t\t\r\n\t\t\t<div class=\"single-service-solari\">\r\n\t\t\t\t\t\t\t<div class=\"image-bg\">\r\n\t\t\t\t\t<img decoding=\"async\" src=\"https:\/\/maritim.rnmp.ro\/wp-content\/uploads\/2025\/06\/servicii-transport-cai-ferate-prime-a1.jpg\"  alt=\"\"\/>\r\n\t\t\t\t<\/div>\r\n\t\t\t\t\t\t\t<div class=\"icon-area\">\r\n\t\t\t\t\t\t\t\t\t\t\t<i aria-hidden=\"true\" class=\"rt rt-angle-down\"><\/i>\t\t\t\t\t\t\t\t\t<\/div>\r\n\t\t\t\t<a href=\"\/en\/transport-cai-ferate\/\">\r\n\t\t\t\t\t\t\t\t\t\t\t<h5 class=\"title\">Railway Freight<\/h5>\r\n\t\t\t\t\t\t\t\t\t<\/a>\r\n\t\t\t\t<p class=\"disc\">\r\n                                            We offer rail transportation solutions, covering a wide range of destinations.                                    <\/p>\r\n\t\t\t<\/div>\r\n\r\n\t\t\r\n\r\n\t\t\r\n\r\n\t\t\r\n\r\n\t\t\r\n\r\n\t\t\r\n\t\t\r\n\r\n\t\t\r\n\r\n\t\t\r\n\t\t\r\n\t\t\t\t<\/div>\n\t\t\t\t<\/div>\n\t\t\t\t<\/div>\n\t\t\t\t\t<\/div>\n\t\t\t\t<\/div>\n\t\t<div class=\"elementor-element elementor-element-3fa6f8f e-flex e-con-boxed rt-default-class e-con e-parent\" data-id=\"3fa6f8f\" data-element_type=\"container\">\n\t\t\t\t\t<div class=\"e-con-inner\">\n\t\t<div class=\"elementor-element elementor-element-8fac94b e-con-full e-flex rt-default-class e-con e-child\" data-id=\"8fac94b\" data-element_type=\"container\">\n\t\t\t\t<div class=\"elementor-element elementor-element-b4fe6e0 rt-default-class elementor-widget elementor-widget-image\" data-id=\"b4fe6e0\" data-element_type=\"widget\" data-widget_type=\"image.default\">\n\t\t\t\t<div class=\"elementor-widget-container\">\n\t\t\t\t\t\t\t\t\t\t\t\t\t\t\t\t<a href=\"\/en\/logistica-portuara\/\">\n\t\t\t\t\t\t\t<img loading=\"lazy\" decoding=\"async\" width=\"157\" height=\"50\" src=\"https:\/\/maritim.rnmp.ro\/wp-content\/uploads\/2025\/06\/icon-servicii-a5.png\" class=\"attachment-large size-large wp-image-11097\" alt=\"\" \/>\t\t\t\t\t\t\t\t<\/a>\n\t\t\t\t\t\t\t\t\t\t\t\t\t\t\t<\/div>\n\t\t\t\t<\/div>\n\t\t\t\t<div class=\"elementor-element elementor-element-ee561ba rt-default-class elementor-widget elementor-widget-rt-service-grid\" data-id=\"ee561ba\" data-element_type=\"widget\" data-widget_type=\"rt-service-grid.default\">\n\t\t\t\t<div class=\"elementor-widget-container\">\n\t\t\t\t\t\r\n\t\t\r\n\r\n\r\n\t\t\r\n\t\t\t<div class=\"single-service-solari\">\r\n\t\t\t\t\t\t\t<div class=\"image-bg\">\r\n\t\t\t\t\t<img decoding=\"async\" src=\"https:\/\/maritim.rnmp.ro\/wp-content\/uploads\/2025\/06\/servicii-logistica-portuara-prime-a1.jpg\"  alt=\"\"\/>\r\n\t\t\t\t<\/div>\r\n\t\t\t\t\t\t\t<div class=\"icon-area\">\r\n\t\t\t\t\t\t\t\t\t\t\t<i aria-hidden=\"true\" class=\"rt rt-angle-down\"><\/i>\t\t\t\t\t\t\t\t\t<\/div>\r\n\t\t\t\t<a href=\"\/en\/logistica-portuara\/\">\r\n\t\t\t\t\t\t\t\t\t\t\t<h5 class=\"title\">Port Logistics<\/h5>\r\n\t\t\t\t\t\t\t\t\t<\/a>\r\n\t\t\t\t<p class=\"disc\">\r\n                                            We offer professional handling solutions in all sea and river ports in Romania, covering a wide range of goods.                                    <\/p>\r\n\t\t\t<\/div>\r\n\r\n\t\t\r\n\r\n\t\t\r\n\r\n\t\t\r\n\r\n\t\t\r\n\r\n\t\t\r\n\t\t\r\n\r\n\t\t\r\n\r\n\t\t\r\n\t\t\r\n\t\t\t\t<\/div>\n\t\t\t\t<\/div>\n\t\t\t\t<\/div>\n\t\t<div class=\"elementor-element elementor-element-76e60e5 e-con-full e-flex rt-default-class e-con e-child\" data-id=\"76e60e5\" data-element_type=\"container\">\n\t\t\t\t<div class=\"elementor-element elementor-element-40105fb rt-default-class elementor-widget elementor-widget-image\" data-id=\"40105fb\" data-element_type=\"widget\" data-widget_type=\"image.default\">\n\t\t\t\t<div class=\"elementor-widget-container\">\n\t\t\t\t\t\t\t\t\t\t\t\t\t\t\t\t<a href=\"\/en\/servicii-vamale\/\">\n\t\t\t\t\t\t\t<img loading=\"lazy\" decoding=\"async\" width=\"157\" height=\"50\" src=\"https:\/\/maritim.rnmp.ro\/wp-content\/uploads\/2025\/06\/icon-servicii-a6.png\" class=\"attachment-large size-large wp-image-11098\" alt=\"\" \/>\t\t\t\t\t\t\t\t<\/a>\n\t\t\t\t\t\t\t\t\t\t\t\t\t\t\t<\/div>\n\t\t\t\t<\/div>\n\t\t\t\t<div class=\"elementor-element elementor-element-9a60715 rt-default-class elementor-widget elementor-widget-rt-service-grid\" data-id=\"9a60715\" data-element_type=\"widget\" data-widget_type=\"rt-service-grid.default\">\n\t\t\t\t<div class=\"elementor-widget-container\">\n\t\t\t\t\t\r\n\t\t\r\n\r\n\r\n\t\t\r\n\t\t\t<div class=\"single-service-solari\">\r\n\t\t\t\t\t\t\t<div class=\"image-bg\">\r\n\t\t\t\t\t<img decoding=\"async\" src=\"https:\/\/maritim.rnmp.ro\/wp-content\/uploads\/2025\/06\/servicii-vamale-prime-a1.jpg\"  alt=\"\"\/>\r\n\t\t\t\t<\/div>\r\n\t\t\t\t\t\t\t<div class=\"icon-area\">\r\n\t\t\t\t\t\t\t\t\t\t\t<i aria-hidden=\"true\" class=\"rt rt-angle-down\"><\/i>\t\t\t\t\t\t\t\t\t<\/div>\r\n\t\t\t\t<a href=\"\/en\/servicii-vamale\/\">\r\n\t\t\t\t\t\t\t\t\t\t\t<h5 class=\"title\">Customs Services<\/h5>\r\n\t\t\t\t\t\t\t\t\t<\/a>\r\n\t\t\t\t<p class=\"disc\">\r\n                                            We offer clients a full range of customs assistance services, tailored to the requirements of each type of cargo and commercial operation.                                    <\/p>\r\n\t\t\t<\/div>\r\n\r\n\t\t\r\n\r\n\t\t\r\n\r\n\t\t\r\n\r\n\t\t\r\n\r\n\t\t\r\n\t\t\r\n\r\n\t\t\r\n\r\n\t\t\r\n\t\t\r\n\t\t\t\t<\/div>\n\t\t\t\t<\/div>\n\t\t\t\t<\/div>\n\t\t<div class=\"elementor-element elementor-element-00f30db e-con-full e-flex rt-default-class e-con e-child\" data-id=\"00f30db\" data-element_type=\"container\">\n\t\t\t\t<div class=\"elementor-element elementor-element-eeda0ce rt-default-class elementor-widget elementor-widget-image\" data-id=\"eeda0ce\" data-element_type=\"widget\" data-widget_type=\"image.default\">\n\t\t\t\t<div class=\"elementor-widget-container\">\n\t\t\t\t\t\t\t\t\t\t\t\t\t\t\t\t<a href=\"\/en\/asigurare-marfa\/\">\n\t\t\t\t\t\t\t<img loading=\"lazy\" decoding=\"async\" width=\"157\" height=\"50\" src=\"https:\/\/maritim.rnmp.ro\/wp-content\/uploads\/2025\/06\/icon-servicii-a7.png\" class=\"attachment-large size-large wp-image-11099\" alt=\"\" \/>\t\t\t\t\t\t\t\t<\/a>\n\t\t\t\t\t\t\t\t\t\t\t\t\t\t\t<\/div>\n\t\t\t\t<\/div>\n\t\t\t\t<div class=\"elementor-element elementor-element-cda0984 rt-default-class elementor-widget elementor-widget-rt-service-grid\" data-id=\"cda0984\" data-element_type=\"widget\" data-widget_type=\"rt-service-grid.default\">\n\t\t\t\t<div class=\"elementor-widget-container\">\n\t\t\t\t\t\r\n\t\t\r\n\r\n\r\n\t\t\r\n\t\t\t<div class=\"single-service-solari\">\r\n\t\t\t\t\t\t\t<div class=\"image-bg\">\r\n\t\t\t\t\t<img decoding=\"async\" src=\"https:\/\/maritim.rnmp.ro\/wp-content\/uploads\/2025\/06\/servicii-asigurare-marfa-prime-a1.jpg\"  alt=\"\"\/>\r\n\t\t\t\t<\/div>\r\n\t\t\t\t\t\t\t<div class=\"icon-area\">\r\n\t\t\t\t\t\t\t\t\t\t\t<i aria-hidden=\"true\" class=\"rt rt-angle-down\"><\/i>\t\t\t\t\t\t\t\t\t<\/div>\r\n\t\t\t\t<a href=\"\/en\/asigurare-marfa\/\">\r\n\t\t\t\t\t\t\t\t\t\t\t<h5 class=\"title\">Cargo Insurance<\/h5>\r\n\t\t\t\t\t\t\t\t\t<\/a>\r\n\t\t\t\t<p class=\"disc\">\r\n                                            We offer specialized consulting and mediate the cargo insurance process so that clients benefit from optimal solutions.                                    <\/p>\r\n\t\t\t<\/div>\r\n\r\n\t\t\r\n\r\n\t\t\r\n\r\n\t\t\r\n\r\n\t\t\r\n\r\n\t\t\r\n\t\t\r\n\r\n\t\t\r\n\r\n\t\t\r\n\t\t\r\n\t\t\t\t<\/div>\n\t\t\t\t<\/div>\n\t\t\t\t<\/div>\n\t\t<div class=\"elementor-element elementor-element-bef70d3 e-con-full e-flex rt-default-class e-con e-child\" data-id=\"bef70d3\" data-element_type=\"container\">\n\t\t\t\t<\/div>\n\t\t\t\t\t<\/div>\n\t\t\t\t<\/div>\n\t\t\t\t<\/div>","protected":false},"excerpt":{"rendered":"<p>PRIMELOGISTICS &amp; PROJECTS Serviciile noastre: Transport Maritim Oferim clien\u021bilor no\u0219tri o gam\u0103 complet\u0103 de servicii \u00een domeniul transporturilor maritime interna\u021bionale. Transport Fluvial Oferim solu\u021bii de transport fluvial folosind \u00eentregul sistem european de c\u0103i navigabile interioare. Transport Rutier Oferim posibilit\u0103\u021bi de transport rutier, at\u00e2t pentru marfa conven\u021bional\u0103, c\u00e2t \u0219i pentru marfa agabaritic\u0103 Transport C\u0103i Ferate Oferim&#8230;<\/p>","protected":false},"author":2,"featured_media":0,"parent":0,"menu_order":0,"comment_status":"closed","ping_status":"closed","template":"","meta":{"footnotes":""},"class_list":["post-4712","page","type-page","status-publish","hentry"],"_links":{"self":[{"href":"https:\/\/maritim.rnmp.ro\/en\/wp-json\/wp\/v2\/pages\/4712","targetHints":{"allow":["GET"]}}],"collection":[{"href":"https:\/\/maritim.rnmp.ro\/en\/wp-json\/wp\/v2\/pages"}],"about":[{"href":"https:\/\/maritim.rnmp.ro\/en\/wp-json\/wp\/v2\/types\/page"}],"author":[{"embeddable":true,"href":"https:\/\/maritim.rnmp.ro\/en\/wp-json\/wp\/v2\/users\/2"}],"replies":[{"embeddable":true,"href":"https:\/\/maritim.rnmp.ro\/en\/wp-json\/wp\/v2\/comments?post=4712"}],"version-history":[{"count":5,"href":"https:\/\/maritim.rnmp.ro\/en\/wp-json\/wp\/v2\/pages\/4712\/revisions"}],"predecessor-version":[{"id":11108,"href":"https:\/\/maritim.rnmp.ro\/en\/wp-json\/wp\/v2\/pages\/4712\/revisions\/11108"}],"wp:attachment":[{"href":"https:\/\/maritim.rnmp.ro\/en\/wp-json\/wp\/v2\/media?parent=4712"}],"curies":[{"name":"wp","href":"https:\/\/api.w.org\/{rel}","templated":true}]}}